{"id":101,"date":"2019-08-02T10:22:27","date_gmt":"2019-08-02T10:22:27","guid":{"rendered":"http:\/\/bojkuhidraulik.com\/?page_id=101"},"modified":"2021-03-11T11:51:21","modified_gmt":"2021-03-11T10:51:21","slug":"rreth-nesh","status":"publish","type":"page","link":"https:\/\/bojkuhidraulik.com\/en\/rreth-nesh\/","title":{"rendered":"About Us"},"content":{"rendered":"<p>[et_pb_section fb_built=&#8221;1&#8243; fullwidth=&#8221;on&#8221; _builder_version=&#8221;3.19.13&#8243; custom_margin=&#8221;-1px||0px&#8221; custom_padding=&#8221;2px|0|0px|0px|false|false&#8221; animation_style=&#8221;fade&#8221; animation_duration=&#8221;400ms&#8221;][et_pb_fullwidth_post_title meta=&#8221;off&#8221; featured_placement=&#8221;above&#8221; text_color=&#8221;light&#8221; _builder_version=&#8221;3.19.13&#8243; title_font=&#8221;ABeeZee|||on|||||&#8221; title_text_align=&#8221;center&#8221; title_font_size=&#8221;34px&#8221; title_letter_spacing=&#8221;4px&#8221; title_text_shadow_style=&#8221;preset1&#8243; meta_font=&#8221;||||||||&#8221; background_image=&#8221;https:\/\/bojkuhidraulik.com\/wp-content\/uploads\/2019\/08\/footer_bg.jpg&#8221; text_orientation=&#8221;center&#8221; custom_margin=&#8221;0px||&#8221; custom_padding=&#8221;49px||17px&#8221; text_shadow_style=&#8221;preset1&#8243;][\/et_pb_fullwidth_post_title][\/et_pb_section][et_pb_section fb_built=&#8221;1&#8243; _builder_version=&#8221;3.19.13&#8243; custom_padding=&#8221;43px|0px|48px|0px|false|false&#8221;][et_pb_row make_fullwidth=&#8221;on&#8221; custom_padding=&#8221;0|0px|35px|0px|false|false&#8221; _builder_version=&#8221;3.19.13&#8243; module_alignment=&#8221;center&#8221; animation_style=&#8221;fade&#8221;][et_pb_column type=&#8221;1_2&#8243; _builder_version=&#8221;3.19.13&#8243;][et_pb_image src=&#8221;https:\/\/bojkuhidraulik.com\/wp-content\/uploads\/2021\/03\/foto-rreth-nesh-scaled.jpg&#8221; align=&#8221;center&#8221; _builder_version=&#8221;3.19.13&#8243; custom_margin=&#8221;65px||&#8221;][\/et_pb_image][\/et_pb_column][et_pb_column type=&#8221;1_2&#8243; _builder_version=&#8221;3.19.13&#8243;][et_pb_text _builder_version=&#8221;3.19.13&#8243; text_font=&#8221;ABeeZee||||||||&#8221; header_font=&#8221;ABeeZee||||||||&#8221;]<\/p>\n<h1><strong><img loading=\"lazy\" loading=\"lazy\" decoding=\"async\" loading=\"lazy\" src=\"https:\/\/bojkuhidraulik.com\/wp-content\/uploads\/2019\/08\/logo_icon_f48_icon-1.ico\" width=\"0\" height=\"0\" alt=\"\" class=\"wp-image-26 aligncenter size-full\" \/><img loading=\"lazy\" loading=\"lazy\" decoding=\"async\" loading=\"lazy\" src=\"https:\/\/bojkuhidraulik.com\/wp-content\/uploads\/2019\/08\/logo_icon_f48_icon-2.ico\" width=\"0\" height=\"0\" alt=\"\" class=\"wp-image-186 aligncenter size-full\" \/><\/strong><\/h1>\n<h1><strong><\/strong><\/h1>\n<h1><strong><\/strong><\/h1>\n<h1><strong><\/strong><\/h1>\n<h1><strong><\/strong><\/h1>\n<h1><strong><\/strong><\/h1>\n<h1><strong>Fillimet tona\u00a0<\/strong><\/h1>\n<p>&nbsp;<\/p>\n<p><strong><\/strong><\/p>\n<p><span style=\"font-size: 14px;\"><\/span><\/p>\n<p style=\"text-align: justify;\"><span style=\"font-size: 14px;\">I\u00a0 themeluar n\u00eb vitin 1998, Bojku Hidraulik filloj k\u00ebt\u00eb biznes i cili bazohet n\u00eb ofrimin e p\u00ebrb\u00ebr\u00ebsve dhe pajisjeve cil\u00ebsore hidraulike dhe pajisje t\u00eb tjera p\u00ebr kamion\u00eb, automjete speciale, makineri industriale dhe bujq\u00ebsore si dhe marr\u00ebdh\u00ebnie profesionale dhe mbi t\u00eb gjitha t\u00eb kuptuarit e problemeve q\u00eb klient\u00ebt tan\u00eb po adresohen p\u00ebr t\u00eb ofruar zgjidhjen m\u00eb optimale.<\/span><strong><\/strong><\/p>\n<div class=\"tlid-results-container results-container\">\n<div class=\"tlid-result result-dict-wrapper\">\n<div class=\"result tlid-copy-target\">\n<div class=\"text-wrap tlid-copy-target\">\n<div class=\"result-shield-container tlid-copy-target\" tabindex=\"0\"><\/div>\n<div class=\"result-shield-container tlid-copy-target\" tabindex=\"0\"><\/div>\n<div class=\"result-shield-container tlid-copy-target\" tabindex=\"0\">\u00a0<\/div>\n<div class=\"result-shield-container tlid-copy-target\" tabindex=\"0\"><\/div>\n<div class=\"result-shield-container tlid-copy-target\" tabindex=\"0\"><\/div>\n<div class=\"result-shield-container tlid-copy-target\" tabindex=\"0\">K\u00ebshtu, Kompania jon\u00eb\u00a0 me m\u00eb shum\u00eb se dy dekada p\u00ebrvoj\u00eb p\u00ebrfaq\u00ebson nj\u00eb partneritet t\u00eb besueshm\u00ebris p\u00ebr t\u00eb dy superstrukturat e automjeteve, tregtar\u00ebt dhe prodhuesit e pajisjeve dhe automjeteve, sh\u00ebrbimeve dhe p\u00ebrdoruesve fundor\u00eb t\u00eb azhurnimeve.<\/div>\n<\/div>\n<\/div>\n<\/div>\n<\/div>\n<p>&nbsp;<\/p>\n<p>[\/et_pb_text][\/et_pb_column][\/et_pb_row][et_pb_row custom_padding=&#8221;34px|0px|21px|0px|false|false&#8221; _builder_version=&#8221;3.19.13&#8243;][et_pb_column type=&#8221;4_4&#8243; _builder_version=&#8221;3.19.13&#8243;][et_pb_text _builder_version=&#8221;3.19.13&#8243; text_font=&#8221;ABeeZee|700||on|||||&#8221; text_font_size=&#8221;24px&#8221; header_font=&#8221;||||||||&#8221; text_orientation=&#8221;center&#8221;]<\/p>\n<p>Na ndiqni n\u00eb rrjetet sociale<\/p>\n<p>[\/et_pb_text][\/et_pb_column][\/et_pb_row][et_pb_row use_custom_width=&#8221;on&#8221; custom_width_px=&#8221;751px&#8221; use_custom_gutter=&#8221;on&#8221; gutter_width=&#8221;1&#8243; custom_padding=&#8221;26px|0px|27px|0px|false|false&#8221; _builder_version=&#8221;3.19.13&#8243; border_radii=&#8221;on|20px|20px|20px|20px&#8221; box_shadow_style=&#8221;preset1&#8243; module_alignment=&#8221;center&#8221; animation_style=&#8221;fade&#8221;][et_pb_column type=&#8221;1_3&#8243; _builder_version=&#8221;3.19.13&#8243;][et_pb_image src=&#8221;https:\/\/bojkuhidraulik.com\/wp-content\/uploads\/2019\/10\/facebook.png&#8221; url=&#8221;https:\/\/www.facebook.com\/bojkuhidraulik123&#8243; align=&#8221;center&#8221; module_class=&#8221;image-zoom&#8221; _builder_version=&#8221;3.19.13&#8243; max_width=&#8221;50%&#8221; module_alignment=&#8221;center&#8221;][\/et_pb_image][\/et_pb_column][et_pb_column type=&#8221;1_3&#8243; _builder_version=&#8221;3.19.13&#8243;][et_pb_image src=&#8221;https:\/\/bojkuhidraulik.com\/wp-content\/uploads\/2019\/10\/Instagram.png&#8221; url=&#8221;https:\/\/www.instagram.com\/bojkuhidraulik\/&#8221; align=&#8221;center&#8221; module_class=&#8221;image-zoom&#8221; _builder_version=&#8221;3.19.13&#8243; max_width=&#8221;50%&#8221; module_alignment=&#8221;center&#8221;][\/et_pb_image][\/et_pb_column][et_pb_column type=&#8221;1_3&#8243; _builder_version=&#8221;3.19.13&#8243;][et_pb_image src=&#8221;https:\/\/bojkuhidraulik.com\/wp-content\/uploads\/2019\/10\/youtube.png&#8221; url=&#8221;https:\/\/www.youtube.com\/bojku.hidraulik.1&#8243; align=&#8221;center&#8221; module_class=&#8221;image-zoom&#8221; _builder_version=&#8221;3.19.13&#8243; max_width=&#8221;50%&#8221; module_alignment=&#8221;center&#8221;][\/et_pb_image][\/et_pb_column][\/et_pb_row][\/et_pb_section]<\/p>\n","protected":false},"excerpt":{"rendered":"<p>[et_pb_section fb_built=&#8221;1&#8243; fullwidth=&#8221;on&#8221; _builder_version=&#8221;3.19.13&#8243; custom_margin=&#8221;-1px||0px&#8221; custom_padding=&#8221;2px|0|0px|0px|false|false&#8221; animation_style=&#8221;fade&#8221; animation_duration=&#8221;400ms&#8221;][et_pb_fullwidth_post_title meta=&#8221;off&#8221; featured_placement=&#8221;above&#8221; text_color=&#8221;light&#8221; _builder_version=&#8221;3.19.13&#8243; title_font=&#8221;ABeeZee|||on|||||&#8221; title_text_align=&#8221;center&#8221; title_font_size=&#8221;34px&#8221; title_letter_spacing=&#8221;4px&#8221; title_text_shadow_style=&#8221;preset1&#8243; meta_font=&#8221;||||||||&#8221; background_image=&#8221;https:\/\/bojkuhidraulik.com\/wp-content\/uploads\/2019\/08\/footer_bg.jpg&#8221; text_orientation=&#8221;center&#8221; custom_margin=&#8221;0px||&#8221; custom_padding=&#8221;49px||17px&#8221; text_shadow_style=&#8221;preset1&#8243;][\/et_pb_fullwidth_post_title][\/et_pb_section][et_pb_section fb_built=&#8221;1&#8243; _builder_version=&#8221;3.19.13&#8243; custom_padding=&#8221;43px|0px|48px|0px|false|false&#8221;][et_pb_row make_fullwidth=&#8221;on&#8221; custom_padding=&#8221;0|0px|35px|0px|false|false&#8221; _builder_version=&#8221;3.19.13&#8243; module_alignment=&#8221;center&#8221; animation_style=&#8221;fade&#8221;][et_pb_column type=&#8221;1_2&#8243; _builder_version=&#8221;3.19.13&#8243;][et_pb_image src=&#8221;https:\/\/bojkuhidraulik.com\/wp-content\/uploads\/2021\/03\/foto-rreth-nesh-scaled.jpg&#8221; align=&#8221;center&#8221; _builder_version=&#8221;3.19.13&#8243; custom_margin=&#8221;65px||&#8221;][\/et_pb_image][\/et_pb_column][et_pb_column type=&#8221;1_2&#8243; _builder_version=&#8221;3.19.13&#8243;][et_pb_text _builder_version=&#8221;3.19.13&#8243; text_font=&#8221;ABeeZee||||||||&#8221; header_font=&#8221;ABeeZee||||||||&#8221;] Fillimet tona\u00a0 &nbsp; I\u00a0 themeluar n\u00eb vitin 1998, Bojku Hidraulik filloj k\u00ebt\u00eb biznes [&hellip;]<\/p>\n","protected":false},"author":2,"featured_media":0,"parent":0,"menu_order":0,"comment_status":"closed","ping_status":"closed","template":"","meta":{"nf_dc_page":"","_et_pb_use_builder":"on","_et_pb_old_content":"<!-- wp:divi\/placeholder \/-->","_et_gb_content_width":"","footnotes":""},"class_list":["post-101","page","type-page","status-publish","hentry"],"jetpack_sharing_enabled":true,"_links":{"self":[{"href":"https:\/\/bojkuhidraulik.com\/en\/wp-json\/wp\/v2\/pages\/101","targetHints":{"allow":["GET"]}}],"collection":[{"href":"https:\/\/bojkuhidraulik.com\/en\/wp-json\/wp\/v2\/pages"}],"about":[{"href":"https:\/\/bojkuhidraulik.com\/en\/wp-json\/wp\/v2\/types\/page"}],"author":[{"embeddable":true,"href":"https:\/\/bojkuhidraulik.com\/en\/wp-json\/wp\/v2\/users\/2"}],"replies":[{"embeddable":true,"href":"https:\/\/bojkuhidraulik.com\/en\/wp-json\/wp\/v2\/comments?post=101"}],"version-history":[{"count":0,"href":"https:\/\/bojkuhidraulik.com\/en\/wp-json\/wp\/v2\/pages\/101\/revisions"}],"wp:attachment":[{"href":"https:\/\/bojkuhidraulik.com\/en\/wp-json\/wp\/v2\/media?parent=101"}],"curies":[{"name":"wp","href":"https:\/\/api.w.org\/{rel}","templated":true}]}}