{"id":1229,"date":"2019-12-02T11:26:55","date_gmt":"2019-12-02T10:26:55","guid":{"rendered":"https:\/\/bojkuhidraulik.com\/?page_id=1229"},"modified":"2019-12-02T12:34:46","modified_gmt":"2019-12-02T11:34:46","slug":"perberesit-hidraulike","status":"publish","type":"page","link":"https:\/\/bojkuhidraulik.com\/en\/galleria\/perberesit-hidraulike\/","title":{"rendered":"P\u00ebrb\u00ebr\u00ebsit hidraulik\u00eb"},"content":{"rendered":"<p>[et_pb_section fb_built=&#8221;1&#8243; fullwidth=&#8221;on&#8221; _builder_version=&#8221;3.19.13&#8243; custom_margin=&#8221;-1px||0px&#8221; custom_padding=&#8221;2px|0px|1px|0px|false|false&#8221; animation_style=&#8221;fade&#8221; animation_duration=&#8221;400ms&#8221;][et_pb_fullwidth_post_title meta=&#8221;off&#8221; featured_placement=&#8221;above&#8221; text_color=&#8221;light&#8221; _builder_version=&#8221;3.19.13&#8243; title_font=&#8221;ABeeZee|||on|||||&#8221; title_text_align=&#8221;center&#8221; title_font_size=&#8221;34px&#8221; title_letter_spacing=&#8221;4px&#8221; title_text_shadow_style=&#8221;preset1&#8243; meta_font=&#8221;||||||||&#8221; background_image=&#8221;https:\/\/bojkuhidraulik.com\/wp-content\/uploads\/2019\/08\/photo-1530124566582-a618bc2615dc.jpg&#8221; text_orientation=&#8221;center&#8221; custom_margin=&#8221;0px||&#8221; custom_padding=&#8221;49px||17px&#8221; text_shadow_style=&#8221;preset1&#8243;][\/et_pb_fullwidth_post_title][\/et_pb_section][et_pb_section fb_built=&#8221;1&#8243; _builder_version=&#8221;3.19.13&#8243; custom_padding=&#8221;48px|0px|14px|0px|false|false&#8221;][et_pb_row custom_padding=&#8221;0|0px|49px|0px|false|false&#8221; _builder_version=&#8221;3.19.13&#8243;][et_pb_column type=&#8221;4_4&#8243; _builder_version=&#8221;3.19.13&#8243;][et_pb_text _builder_version=&#8221;3.19.13&#8243; text_font=&#8221;||||||||&#8221; header_font=&#8221;||||||||&#8221;]<\/p>\n<h6 style=\"text-align: left;\"><a href=\"http:\/\/www.bojkuhidraulik.com\">Home<\/a> <span style=\"color: #ff0000;\">&gt;<\/span><a href=\"https:\/\/bojkuhidraulik.com\/galleria\/\"> Galleria\u00a0<\/a><span style=\"color: #ff0000;\">&gt;<\/span><strong> <a href=\"https:\/\/bojkuhidraulik.com\/galleria\/perberesit-hidraulike\/\">P\u00ebrb\u00ebr\u00ebsit Hidraulik<\/a><\/strong><\/h6>\n<p>[\/et_pb_text][\/et_pb_column][\/et_pb_row][et_pb_row use_custom_width=&#8221;on&#8221; width_unit=&#8221;off&#8221; custom_width_percent=&#8221;85%&#8221; custom_padding=&#8221;27px|0px|0|0px|false|false&#8221; _builder_version=&#8221;3.19.13&#8243; module_alignment=&#8221;center&#8221;][et_pb_column type=&#8221;4_4&#8243; _builder_version=&#8221;3.19.13&#8243;][et_pb_gallery gallery_ids=&#8221;1234,1235,1236,1243&#8243; show_title_and_caption=&#8221;off&#8221; show_pagination=&#8221;off&#8221; _builder_version=&#8221;3.19.13&#8243; caption_font=&#8221;||||||||&#8221; border_style_all=&#8221;dashed&#8221; box_shadow_style_image=&#8221;preset1&#8243; module_alignment=&#8221;center&#8221;][\/et_pb_gallery][\/et_pb_column][\/et_pb_row][\/et_pb_section]<\/p>\n","protected":false},"excerpt":{"rendered":"<p>[et_pb_section fb_built=&#8221;1&#8243; fullwidth=&#8221;on&#8221; _builder_version=&#8221;3.19.13&#8243; custom_margin=&#8221;-1px||0px&#8221; custom_padding=&#8221;2px|0px|1px|0px|false|false&#8221; animation_style=&#8221;fade&#8221; animation_duration=&#8221;400ms&#8221;][et_pb_fullwidth_post_title meta=&#8221;off&#8221; featured_placement=&#8221;above&#8221; text_color=&#8221;light&#8221; _builder_version=&#8221;3.19.13&#8243; title_font=&#8221;ABeeZee|||on|||||&#8221; title_text_align=&#8221;center&#8221; title_font_size=&#8221;34px&#8221; title_letter_spacing=&#8221;4px&#8221; title_text_shadow_style=&#8221;preset1&#8243; meta_font=&#8221;||||||||&#8221; background_image=&#8221;https:\/\/bojkuhidraulik.com\/wp-content\/uploads\/2019\/08\/photo-1530124566582-a618bc2615dc.jpg&#8221; text_orientation=&#8221;center&#8221; custom_margin=&#8221;0px||&#8221; custom_padding=&#8221;49px||17px&#8221; text_shadow_style=&#8221;preset1&#8243;][\/et_pb_fullwidth_post_title][\/et_pb_section][et_pb_section fb_built=&#8221;1&#8243; _builder_version=&#8221;3.19.13&#8243; custom_padding=&#8221;48px|0px|14px|0px|false|false&#8221;][et_pb_row custom_padding=&#8221;0|0px|49px|0px|false|false&#8221; _builder_version=&#8221;3.19.13&#8243;][et_pb_column type=&#8221;4_4&#8243; _builder_version=&#8221;3.19.13&#8243;][et_pb_text _builder_version=&#8221;3.19.13&#8243; text_font=&#8221;||||||||&#8221; header_font=&#8221;||||||||&#8221;] Home &gt; Galleria\u00a0&gt; P\u00ebrb\u00ebr\u00ebsit Hidraulik [\/et_pb_text][\/et_pb_column][\/et_pb_row][et_pb_row use_custom_width=&#8221;on&#8221; width_unit=&#8221;off&#8221; custom_width_percent=&#8221;85%&#8221; custom_padding=&#8221;27px|0px|0|0px|false|false&#8221; _builder_version=&#8221;3.19.13&#8243; module_alignment=&#8221;center&#8221;][et_pb_column type=&#8221;4_4&#8243; _builder_version=&#8221;3.19.13&#8243;][et_pb_gallery gallery_ids=&#8221;1234,1235,1236,1243&#8243; show_title_and_caption=&#8221;off&#8221; show_pagination=&#8221;off&#8221; _builder_version=&#8221;3.19.13&#8243; caption_font=&#8221;||||||||&#8221; border_style_all=&#8221;dashed&#8221; box_shadow_style_image=&#8221;preset1&#8243; module_alignment=&#8221;center&#8221;][\/et_pb_gallery][\/et_pb_column][\/et_pb_row][\/et_pb_section]<\/p>\n","protected":false},"author":2,"featured_media":0,"parent":1205,"menu_order":0,"comment_status":"closed","ping_status":"closed","template":"","meta":{"nf_dc_page":"","_et_pb_use_builder":"on","_et_pb_old_content":"","_et_gb_content_width":"","footnotes":""},"class_list":["post-1229","page","type-page","status-publish","hentry"],"jetpack_sharing_enabled":true,"_links":{"self":[{"href":"https:\/\/bojkuhidraulik.com\/en\/wp-json\/wp\/v2\/pages\/1229","targetHints":{"allow":["GET"]}}],"collection":[{"href":"https:\/\/bojkuhidraulik.com\/en\/wp-json\/wp\/v2\/pages"}],"about":[{"href":"https:\/\/bojkuhidraulik.com\/en\/wp-json\/wp\/v2\/types\/page"}],"author":[{"embeddable":true,"href":"https:\/\/bojkuhidraulik.com\/en\/wp-json\/wp\/v2\/users\/2"}],"replies":[{"embeddable":true,"href":"https:\/\/bojkuhidraulik.com\/en\/wp-json\/wp\/v2\/comments?post=1229"}],"version-history":[{"count":0,"href":"https:\/\/bojkuhidraulik.com\/en\/wp-json\/wp\/v2\/pages\/1229\/revisions"}],"up":[{"embeddable":true,"href":"https:\/\/bojkuhidraulik.com\/en\/wp-json\/wp\/v2\/pages\/1205"}],"wp:attachment":[{"href":"https:\/\/bojkuhidraulik.com\/en\/wp-json\/wp\/v2\/media?parent=1229"}],"curies":[{"name":"wp","href":"https:\/\/api.w.org\/{rel}","templated":true}]}}